{"id":4668,"date":"2023-08-15T10:31:38","date_gmt":"2023-08-15T10:31:38","guid":{"rendered":"https:\/\/neuronthemes.com\/ponte\/?page_id=4668"},"modified":"2023-12-03T22:06:01","modified_gmt":"2023-12-03T22:06:01","slug":"obras","status":"publish","type":"page","link":"https:\/\/jcova.pt\/index.php\/obras\/","title":{"rendered":"Portf\u00f3lio"},"content":{"rendered":"\t\t<div data-elementor-type=\"wp-page\" data-elementor-id=\"4668\" class=\"elementor elementor-4668\">\n\t\t\t\t\t\t<section class=\"elementor-section elementor-top-section elementor-element elementor-element-3b8e987 elementor-section-boxed elementor-section-height-default elementor-section-height-default elementor-invisible\" data-id=\"3b8e987\" data-element_type=\"section\" data-e-type=\"section\" data-settings=\"{&quot;animation&quot;:&quot;h-neuron-animation--slideUp&quot;}\">\n\t\t\t\t\t\t<div class=\"elementor-container elementor-column-gap-no\">\n\t\t\t\t\t<div class=\"elementor-column elementor-col-100 elementor-top-column elementor-element elementor-element-671120a\" data-id=\"671120a\" data-element_type=\"column\" data-e-type=\"column\">\n\t\t\t<div class=\"elementor-widget-wrap elementor-element-populated\">\n\t\t\t\t\t\t<div class=\"elementor-element elementor-element-d5ec751 elementor-widget elementor-widget-neuron-breadcrumbs\" data-id=\"d5ec751\" data-element_type=\"widget\" data-e-type=\"widget\" data-widget_type=\"neuron-breadcrumbs.default\">\n\t\t\t\t<div class=\"elementor-widget-container\">\n\t\t\t\t\t\r\n\t\t\t<div class=\"m-neuron-breadcrumbs\" aria-label=\"You are here:\">\r\n\t\t\t\t<span class=\"m-neuron-breadcrumbs__item\"><a href=\"https:\/\/jcova.pt\/\">Home<\/a><\/span> <span class=\"m-neuron-breadcrumbs__separator\"> <i class=\"n-icon n-icon-chevron-right\"><\/i><\/span> <span class=\"m-neuron-breadcrumbs__item\" aria-current=\"page\">Portf\u00f3lio<\/span>\t\t\t<\/div>\r\n\r\n\t\t   \t\t\t\t<\/div>\n\t\t\t\t<\/div>\n\t\t\t\t\t<\/div>\n\t\t<\/div>\n\t\t\t\t\t<\/div>\n\t\t<\/section>\n\t\t\t\t<section class=\"elementor-section elementor-top-section elementor-element elementor-element-22befbd elementor-hidden-desktop elementor-section-boxed elementor-section-height-default elementor-section-height-default elementor-invisible\" data-id=\"22befbd\" data-element_type=\"section\" data-e-type=\"section\" data-settings=\"{&quot;animation&quot;:&quot;h-neuron-animation--slideUp&quot;}\">\n\t\t\t\t\t\t<div class=\"elementor-container elementor-column-gap-no\">\n\t\t\t\t\t<div class=\"elementor-column elementor-col-100 elementor-top-column elementor-element elementor-element-ddf4f5f\" data-id=\"ddf4f5f\" data-element_type=\"column\" data-e-type=\"column\">\n\t\t\t<div class=\"elementor-widget-wrap elementor-element-populated\">\n\t\t\t\t\t\t<div class=\"elementor-element elementor-element-8bc7f10 elementor-widget elementor-widget-heading\" data-id=\"8bc7f10\" data-element_type=\"widget\" data-e-type=\"widget\" data-widget_type=\"heading.default\">\n\t\t\t\t<div class=\"elementor-widget-container\">\n\t\t\t\t\t<h4 class=\"elementor-heading-title elementor-size-default\">Portf\u00f3lio<\/h4>\t\t\t\t<\/div>\n\t\t\t\t<\/div>\n\t\t\t\t\t<\/div>\n\t\t<\/div>\n\t\t\t\t\t<\/div>\n\t\t<\/section>\n\t\t\t\t<section class=\"elementor-section elementor-top-section elementor-element elementor-element-a0ca6ce elementor-section-boxed elementor-section-height-default elementor-section-height-default elementor-invisible\" data-id=\"a0ca6ce\" data-element_type=\"section\" data-e-type=\"section\" data-settings=\"{&quot;animation&quot;:&quot;h-neuron-animation--slideUp&quot;}\">\n\t\t\t\t\t\t<div class=\"elementor-container elementor-column-gap-no\">\n\t\t\t\t\t<div class=\"elementor-column elementor-col-100 elementor-top-column elementor-element elementor-element-4f0c291 elementor-hidden-tablet elementor-hidden-mobile\" data-id=\"4f0c291\" data-element_type=\"column\" data-e-type=\"column\">\n\t\t\t<div class=\"elementor-widget-wrap elementor-element-populated\">\n\t\t\t\t\t\t<div class=\"elementor-element elementor-element-306293b elementor-widget elementor-widget-heading\" data-id=\"306293b\" data-element_type=\"widget\" data-e-type=\"widget\" data-widget_type=\"heading.default\">\n\t\t\t\t<div class=\"elementor-widget-container\">\n\t\t\t\t\t<h4 class=\"elementor-heading-title elementor-size-default\">Portf\u00f3lio<\/h4>\t\t\t\t<\/div>\n\t\t\t\t<\/div>\n\t\t\t\t\t<\/div>\n\t\t<\/div>\n\t\t\t\t\t<\/div>\n\t\t<\/section>\n\t\t\t\t<section class=\"elementor-section elementor-top-section elementor-element elementor-element-467de181 elementor-section-boxed elementor-section-height-default elementor-section-height-default elementor-invisible\" data-id=\"467de181\" data-element_type=\"section\" data-e-type=\"section\" data-settings=\"{&quot;animation&quot;:&quot;h-neuron-animation--slideUp&quot;}\">\n\t\t\t\t\t\t<div class=\"elementor-container elementor-column-gap-no\">\n\t\t\t\t\t<div class=\"elementor-column elementor-col-100 elementor-top-column elementor-element elementor-element-78dae823\" data-id=\"78dae823\" data-element_type=\"column\" data-e-type=\"column\">\n\t\t\t<div class=\"elementor-widget-wrap elementor-element-populated\">\n\t\t\t\t\t\t<div class=\"elementor-element elementor-element-208dcae6 m-neuron-portfolio__overlay--color l-neuron-grid-wrapper--columns__3 l-neuron-grid-wrapper-tablet--columns__2 l-neuron-grid-wrapper-mobile--columns__1 m-neuron-posts--layout-grid m-neuron-portfolio--hover-translate elementor-invisible elementor-widget elementor-widget-neuron-portfolio\" data-id=\"208dcae6\" data-element_type=\"widget\" data-e-type=\"widget\" data-settings=\"{&quot;row_gap&quot;:{&quot;unit&quot;:&quot;px&quot;,&quot;size&quot;:30,&quot;sizes&quot;:[]},&quot;_animation&quot;:&quot;h-neuron-animation--slideUp&quot;,&quot;columns&quot;:&quot;3&quot;,&quot;columns_tablet&quot;:&quot;2&quot;,&quot;columns_mobile&quot;:&quot;1&quot;,&quot;carousel&quot;:&quot;no&quot;,&quot;layout&quot;:&quot;grid&quot;,&quot;pagination&quot;:&quot;none&quot;,&quot;row_gap_tablet&quot;:{&quot;unit&quot;:&quot;px&quot;,&quot;size&quot;:&quot;&quot;,&quot;sizes&quot;:[]},&quot;row_gap_mobile&quot;:{&quot;unit&quot;:&quot;px&quot;,&quot;size&quot;:&quot;&quot;,&quot;sizes&quot;:[]},&quot;animation&quot;:&quot;yes&quot;,&quot;neuron_animations&quot;:&quot;h-neuron-animation--slideUp&quot;,&quot;neuron_animations_duration&quot;:&quot;animated&quot;,&quot;animation_delay&quot;:0,&quot;hover_animation&quot;:&quot;translate&quot;}\" data-widget_type=\"neuron-portfolio.default\">\n\t\t\t\t<div class=\"elementor-widget-container\">\n\t\t\t\t\t\t\t<div class=\"m-neuron-filters\" aria-label=\"Filters\">\r\n\t\t\t<ul >\r\n\t\t\t\t\t\t\t\t\t<li class=\"m-neuron-filters__item active\" data-filter=\"*\">Todos<\/li>\r\n\t\t\t\t\r\n\t\t\t\t\t\t\t\t\t<li class=\"m-neuron-filters__item\" data-filter=\"portfolio_category-habitacao-familiar\">Habita\u00e7\u00e3o familiar<\/li>\r\n\t\t\t\t\t\t\t\t\t<li class=\"m-neuron-filters__item\" data-filter=\"portfolio_category-obras-publicas\">Obras P\u00fablicas<\/li>\r\n\t\t\t\t\t\t\t\t\t<li class=\"m-neuron-filters__item\" data-filter=\"portfolio_category-remodelacao\">Remodela\u00e7\u00e3o<\/li>\r\n\t\t\t\t\t\t\t<\/ul>\r\n\t\t<\/div>\r\n\t\t\t\t\r\n\t\t\t\t<div class=\"l-neuron-grid\" data-masonry-id=\"3a5f9fe5edd00375dcb80c9ce2651210\">\r\n\t\t\t\t\t\t\t\t\t\t\t\t<article class=\"l-neuron-grid__item h-neuron-animation--wow m-neuron-portfolio m-neuron-post post-6168 portfolio type-portfolio status-publish has-post-thumbnail hentry portfolio_category-habitacao-familiar portfolio_tag-condominio portfolio_tag-construcao portfolio_tag-projeto\" data-id=\"6168\">\r\n\t\t\t\t\t\t\t\t<div class=\"m-neuron-post__thumbnail--link m-neuron-portfolio__thumbnail--link\" >\r\n\t\t\t\t\t\t\t\t\t<a class=\"m-neuron-portfolio__link\" href=\"https:\/\/jcova.pt\/index.php\/portfolio\/condominio-villa-rosa\/\"><\/a>\r\n\t\t\t\t\t\t\t\t\t<div class=\"m-neuron-post__thumbnail m-neuron-portfolio__thumbnail\"><img fetchpriority=\"high\" decoding=\"async\" width=\"1920\" height=\"1440\" src=\"https:\/\/jcova.pt\/wp-content\/uploads\/2023\/12\/DJI_0717.jpg\" class=\"attachment-full size-full wp-post-image\" alt=\"\" srcset=\"https:\/\/jcova.pt\/wp-content\/uploads\/2023\/12\/DJI_0717.jpg 1920w, https:\/\/jcova.pt\/wp-content\/uploads\/2023\/12\/DJI_0717-300x225.jpg 300w, https:\/\/jcova.pt\/wp-content\/uploads\/2023\/12\/DJI_0717-1024x768.jpg 1024w, https:\/\/jcova.pt\/wp-content\/uploads\/2023\/12\/DJI_0717-768x576.jpg 768w, https:\/\/jcova.pt\/wp-content\/uploads\/2023\/12\/DJI_0717-1536x1152.jpg 1536w\" sizes=\"(max-width: 1920px) 100vw, 1920px\" \/><\/div>\t\t\t\t\t\t\t\t\t<div class=\"m-neuron-portfolio__overlay\">\r\n\t\t\t\t\t\t\t\t\t\t<h6 class=\"m-neuron-portfolio__title\">Condom\u00ednio Villa Rosa<\/h6><span class=\"m-neuron-portfolio__category\">Habita\u00e7\u00e3o familiar<\/span>\t\t\t\t\t\t\t\t\t<\/div>\r\n\t\t\t\t\t\t\t\t<\/div>\r\n\t\t\t\t\t\t\t\t\t\t\t\t\t\t\t<\/article>\r\n\t\t\t\t\t\t\t\t\t\t\t\t\t\t<article class=\"l-neuron-grid__item h-neuron-animation--wow m-neuron-portfolio m-neuron-post post-6165 portfolio type-portfolio status-publish has-post-thumbnail hentry portfolio_category-obras-publicas portfolio_tag-construcao portfolio_tag-obra-publica portfolio_tag-pavimento\" data-id=\"6165\">\r\n\t\t\t\t\t\t\t\t<div class=\"m-neuron-post__thumbnail--link m-neuron-portfolio__thumbnail--link\" >\r\n\t\t\t\t\t\t\t\t\t<a class=\"m-neuron-portfolio__link\" href=\"https:\/\/jcova.pt\/index.php\/portfolio\/parque-infantil\/\"><\/a>\r\n\t\t\t\t\t\t\t\t\t<div class=\"m-neuron-post__thumbnail m-neuron-portfolio__thumbnail\"><img decoding=\"async\" width=\"1920\" height=\"1440\" src=\"https:\/\/jcova.pt\/wp-content\/uploads\/2023\/12\/DJI_0705.jpg\" class=\"attachment-full size-full wp-post-image\" alt=\"\" srcset=\"https:\/\/jcova.pt\/wp-content\/uploads\/2023\/12\/DJI_0705.jpg 1920w, https:\/\/jcova.pt\/wp-content\/uploads\/2023\/12\/DJI_0705-300x225.jpg 300w, https:\/\/jcova.pt\/wp-content\/uploads\/2023\/12\/DJI_0705-1024x768.jpg 1024w, https:\/\/jcova.pt\/wp-content\/uploads\/2023\/12\/DJI_0705-768x576.jpg 768w, https:\/\/jcova.pt\/wp-content\/uploads\/2023\/12\/DJI_0705-1536x1152.jpg 1536w\" sizes=\"(max-width: 1920px) 100vw, 1920px\" \/><\/div>\t\t\t\t\t\t\t\t\t<div class=\"m-neuron-portfolio__overlay\">\r\n\t\t\t\t\t\t\t\t\t\t<h6 class=\"m-neuron-portfolio__title\">Parque infantil<\/h6><span class=\"m-neuron-portfolio__category\">Obras P\u00fablicas<\/span>\t\t\t\t\t\t\t\t\t<\/div>\r\n\t\t\t\t\t\t\t\t<\/div>\r\n\t\t\t\t\t\t\t\t\t\t\t\t\t\t\t<\/article>\r\n\t\t\t\t\t\t\t\t\t\t\t\t\t\t<article class=\"l-neuron-grid__item h-neuron-animation--wow m-neuron-portfolio m-neuron-post post-6162 portfolio type-portfolio status-publish has-post-thumbnail hentry portfolio_category-habitacao-familiar portfolio_tag-construcao\" data-id=\"6162\">\r\n\t\t\t\t\t\t\t\t<div class=\"m-neuron-post__thumbnail--link m-neuron-portfolio__thumbnail--link\" >\r\n\t\t\t\t\t\t\t\t\t<a class=\"m-neuron-portfolio__link\" href=\"https:\/\/jcova.pt\/index.php\/portfolio\/moradia-familiar\/\"><\/a>\r\n\t\t\t\t\t\t\t\t\t<div class=\"m-neuron-post__thumbnail m-neuron-portfolio__thumbnail\"><img decoding=\"async\" width=\"1920\" height=\"1440\" src=\"https:\/\/jcova.pt\/wp-content\/uploads\/2023\/12\/DJI_0699.jpg\" class=\"attachment-full size-full wp-post-image\" alt=\"\" srcset=\"https:\/\/jcova.pt\/wp-content\/uploads\/2023\/12\/DJI_0699.jpg 1920w, https:\/\/jcova.pt\/wp-content\/uploads\/2023\/12\/DJI_0699-300x225.jpg 300w, https:\/\/jcova.pt\/wp-content\/uploads\/2023\/12\/DJI_0699-1024x768.jpg 1024w, https:\/\/jcova.pt\/wp-content\/uploads\/2023\/12\/DJI_0699-768x576.jpg 768w, https:\/\/jcova.pt\/wp-content\/uploads\/2023\/12\/DJI_0699-1536x1152.jpg 1536w\" sizes=\"(max-width: 1920px) 100vw, 1920px\" \/><\/div>\t\t\t\t\t\t\t\t\t<div class=\"m-neuron-portfolio__overlay\">\r\n\t\t\t\t\t\t\t\t\t\t<h6 class=\"m-neuron-portfolio__title\">Moradia familiar<\/h6><span class=\"m-neuron-portfolio__category\">Habita\u00e7\u00e3o familiar<\/span>\t\t\t\t\t\t\t\t\t<\/div>\r\n\t\t\t\t\t\t\t\t<\/div>\r\n\t\t\t\t\t\t\t\t\t\t\t\t\t\t\t<\/article>\r\n\t\t\t\t\t\t\t\t\t\t\t\t\t\t<article class=\"l-neuron-grid__item h-neuron-animation--wow m-neuron-portfolio m-neuron-post post-6159 portfolio type-portfolio status-publish has-post-thumbnail hentry portfolio_category-obras-publicas portfolio_tag-construcao portfolio_tag-obra-publica\" data-id=\"6159\">\r\n\t\t\t\t\t\t\t\t<div class=\"m-neuron-post__thumbnail--link m-neuron-portfolio__thumbnail--link\" >\r\n\t\t\t\t\t\t\t\t\t<a class=\"m-neuron-portfolio__link\" href=\"https:\/\/jcova.pt\/index.php\/portfolio\/escada-exterior\/\"><\/a>\r\n\t\t\t\t\t\t\t\t\t<div class=\"m-neuron-post__thumbnail m-neuron-portfolio__thumbnail\"><img loading=\"lazy\" decoding=\"async\" width=\"1440\" height=\"1920\" src=\"https:\/\/jcova.pt\/wp-content\/uploads\/2023\/12\/DJI_0693.jpg\" class=\"attachment-full size-full wp-post-image\" alt=\"\" srcset=\"https:\/\/jcova.pt\/wp-content\/uploads\/2023\/12\/DJI_0693.jpg 1440w, https:\/\/jcova.pt\/wp-content\/uploads\/2023\/12\/DJI_0693-225x300.jpg 225w, https:\/\/jcova.pt\/wp-content\/uploads\/2023\/12\/DJI_0693-768x1024.jpg 768w, https:\/\/jcova.pt\/wp-content\/uploads\/2023\/12\/DJI_0693-1152x1536.jpg 1152w\" sizes=\"(max-width: 1440px) 100vw, 1440px\" \/><\/div>\t\t\t\t\t\t\t\t\t<div class=\"m-neuron-portfolio__overlay\">\r\n\t\t\t\t\t\t\t\t\t\t<h6 class=\"m-neuron-portfolio__title\">Escada Exterior<\/h6><span class=\"m-neuron-portfolio__category\">Obras P\u00fablicas<\/span>\t\t\t\t\t\t\t\t\t<\/div>\r\n\t\t\t\t\t\t\t\t<\/div>\r\n\t\t\t\t\t\t\t\t\t\t\t\t\t\t\t<\/article>\r\n\t\t\t\t\t\t\t\t\t\t\t\t\t\t<article class=\"l-neuron-grid__item h-neuron-animation--wow m-neuron-portfolio m-neuron-post post-6126 portfolio type-portfolio status-publish has-post-thumbnail hentry portfolio_category-habitacao-familiar portfolio_category-remodelacao portfolio_tag-restauro\" data-id=\"6126\">\r\n\t\t\t\t\t\t\t\t<div class=\"m-neuron-post__thumbnail--link m-neuron-portfolio__thumbnail--link\" >\r\n\t\t\t\t\t\t\t\t\t<a class=\"m-neuron-portfolio__link\" href=\"https:\/\/jcova.pt\/index.php\/portfolio\/restauro-de-habitacao-familiar\/\"><\/a>\r\n\t\t\t\t\t\t\t\t\t<div class=\"m-neuron-post__thumbnail m-neuron-portfolio__thumbnail\"><img loading=\"lazy\" decoding=\"async\" width=\"1920\" height=\"1440\" src=\"https:\/\/jcova.pt\/wp-content\/uploads\/2023\/12\/DJI_0683.jpg\" class=\"attachment-full size-full wp-post-image\" alt=\"\" srcset=\"https:\/\/jcova.pt\/wp-content\/uploads\/2023\/12\/DJI_0683.jpg 1920w, https:\/\/jcova.pt\/wp-content\/uploads\/2023\/12\/DJI_0683-300x225.jpg 300w, https:\/\/jcova.pt\/wp-content\/uploads\/2023\/12\/DJI_0683-1024x768.jpg 1024w, https:\/\/jcova.pt\/wp-content\/uploads\/2023\/12\/DJI_0683-768x576.jpg 768w, https:\/\/jcova.pt\/wp-content\/uploads\/2023\/12\/DJI_0683-1536x1152.jpg 1536w\" sizes=\"(max-width: 1920px) 100vw, 1920px\" \/><\/div>\t\t\t\t\t\t\t\t\t<div class=\"m-neuron-portfolio__overlay\">\r\n\t\t\t\t\t\t\t\t\t\t<h6 class=\"m-neuron-portfolio__title\">Restauro de habita\u00e7\u00e3o familiar<\/h6><span class=\"m-neuron-portfolio__category\">Habita\u00e7\u00e3o familiar Remodela\u00e7\u00e3o<\/span>\t\t\t\t\t\t\t\t\t<\/div>\r\n\t\t\t\t\t\t\t\t<\/div>\r\n\t\t\t\t\t\t\t\t\t\t\t\t\t\t\t<\/article>\r\n\t\t\t\t\t\t\t\t\t\t\t\t\t\t<article class=\"l-neuron-grid__item h-neuron-animation--wow m-neuron-portfolio m-neuron-post post-388 portfolio type-portfolio status-publish has-post-thumbnail hentry portfolio_category-habitacao-familiar portfolio_tag-alvenaria portfolio_tag-construcao portfolio_tag-moradia\" data-id=\"388\">\r\n\t\t\t\t\t\t\t\t<div class=\"m-neuron-post__thumbnail--link m-neuron-portfolio__thumbnail--link\" >\r\n\t\t\t\t\t\t\t\t\t<a class=\"m-neuron-portfolio__link\" href=\"https:\/\/jcova.pt\/index.php\/portfolio\/habitacao-familiar\/\"><\/a>\r\n\t\t\t\t\t\t\t\t\t<div class=\"m-neuron-post__thumbnail m-neuron-portfolio__thumbnail\"><img loading=\"lazy\" decoding=\"async\" width=\"1920\" height=\"1440\" src=\"https:\/\/jcova.pt\/wp-content\/uploads\/2023\/07\/DJI_0667.jpg\" class=\"attachment-full size-full wp-post-image\" alt=\"\" srcset=\"https:\/\/jcova.pt\/wp-content\/uploads\/2023\/07\/DJI_0667.jpg 1920w, https:\/\/jcova.pt\/wp-content\/uploads\/2023\/07\/DJI_0667-300x225.jpg 300w, https:\/\/jcova.pt\/wp-content\/uploads\/2023\/07\/DJI_0667-1024x768.jpg 1024w, https:\/\/jcova.pt\/wp-content\/uploads\/2023\/07\/DJI_0667-768x576.jpg 768w, https:\/\/jcova.pt\/wp-content\/uploads\/2023\/07\/DJI_0667-1536x1152.jpg 1536w\" sizes=\"(max-width: 1920px) 100vw, 1920px\" \/><\/div>\t\t\t\t\t\t\t\t\t<div class=\"m-neuron-portfolio__overlay\">\r\n\t\t\t\t\t\t\t\t\t\t<h6 class=\"m-neuron-portfolio__title\">Habita\u00e7\u00e3o familiar<\/h6><span class=\"m-neuron-portfolio__category\">Habita\u00e7\u00e3o familiar<\/span>\t\t\t\t\t\t\t\t\t<\/div>\r\n\t\t\t\t\t\t\t\t<\/div>\r\n\t\t\t\t\t\t\t\t\t\t\t\t\t\t\t<\/article>\r\n\t\t\t\t\t\t\t\t\t\t\t<\/div>\r\n\r\n\t\t\t\r\n\t\t\t\t\t\t<\/div>\n\t\t\t\t<\/div>\n\t\t\t\t\t<\/div>\n\t\t<\/div>\n\t\t\t\t\t<\/div>\n\t\t<\/section>\n\t\t\t\t<\/div>\n\t\t","protected":false},"excerpt":{"rendered":"<p>Home Portf\u00f3lio Portf\u00f3lio Todos Projeto Chave na M\u00e3o Obras P\u00fablicas Habita\u00e7\u00e3o familiar Remodela\u00e7\u00e3o Condom\u00ednio Villa Rosa Projeto Chave na M\u00e3o Parque infantil Obras P\u00fablicas Moradia familiar Habita\u00e7\u00e3o familiar Escada Exterior Obras P\u00fablicas Restauro de habita\u00e7\u00e3o familiar Habita\u00e7\u00e3o familiar Remodela\u00e7\u00e3o Habita\u00e7\u00e3o familiar Habita\u00e7\u00e3o familiar<\/p>\n","protected":false},"author":1,"featured_media":0,"parent":0,"menu_order":0,"comment_status":"closed","ping_status":"closed","template":"","meta":{"footnotes":""},"class_list":["post-4668","page","type-page","status-publish","hentry"],"_links":{"self":[{"href":"https:\/\/jcova.pt\/index.php\/wp-json\/wp\/v2\/pages\/4668","targetHints":{"allow":["GET"]}}],"collection":[{"href":"https:\/\/jcova.pt\/index.php\/wp-json\/wp\/v2\/pages"}],"about":[{"href":"https:\/\/jcova.pt\/index.php\/wp-json\/wp\/v2\/types\/page"}],"author":[{"embeddable":true,"href":"https:\/\/jcova.pt\/index.php\/wp-json\/wp\/v2\/users\/1"}],"replies":[{"embeddable":true,"href":"https:\/\/jcova.pt\/index.php\/wp-json\/wp\/v2\/comments?post=4668"}],"version-history":[{"count":47,"href":"https:\/\/jcova.pt\/index.php\/wp-json\/wp\/v2\/pages\/4668\/revisions"}],"predecessor-version":[{"id":6298,"href":"https:\/\/jcova.pt\/index.php\/wp-json\/wp\/v2\/pages\/4668\/revisions\/6298"}],"wp:attachment":[{"href":"https:\/\/jcova.pt\/index.php\/wp-json\/wp\/v2\/media?parent=4668"}],"curies":[{"name":"wp","href":"https:\/\/api.w.org\/{rel}","templated":true}]}}