{"id":158,"date":"2023-07-11T10:17:20","date_gmt":"2023-07-11T10:17:20","guid":{"rendered":"https:\/\/neuronthemes.com\/ponte\/?page_id=158"},"modified":"2023-12-02T22:20:04","modified_gmt":"2023-12-02T22:20:04","slug":"empresa","status":"publish","type":"page","link":"https:\/\/jcova.pt\/index.php\/empresa\/","title":{"rendered":"Empresa"},"content":{"rendered":"\t\t<div data-elementor-type=\"wp-page\" data-elementor-id=\"158\" class=\"elementor elementor-158\">\n\t\t\t\t\t\t<section class=\"elementor-section elementor-top-section elementor-element elementor-element-54a6382 elementor-section-full_width elementor-section-height-default elementor-section-height-default elementor-invisible\" data-id=\"54a6382\" data-element_type=\"section\" data-e-type=\"section\" data-settings=\"{&quot;animation&quot;:&quot;h-neuron-animation--slideUp&quot;}\">\n\t\t\t\t\t\t<div class=\"elementor-container elementor-column-gap-no\">\n\t\t\t\t\t<div class=\"elementor-column elementor-col-50 elementor-top-column elementor-element elementor-element-980fbe9\" data-id=\"980fbe9\" data-element_type=\"column\" data-e-type=\"column\">\n\t\t\t<div class=\"elementor-widget-wrap elementor-element-populated\">\n\t\t\t\t\t\t<div class=\"elementor-element elementor-element-fc7326f elementor-widget elementor-widget-heading\" data-id=\"fc7326f\" data-element_type=\"widget\" data-e-type=\"widget\" data-widget_type=\"heading.default\">\n\t\t\t\t<div class=\"elementor-widget-container\">\n\t\t\t\t\t<h2 class=\"elementor-heading-title elementor-size-default\">[Empresa]<\/h2>\t\t\t\t<\/div>\n\t\t\t\t<\/div>\n\t\t\t\t<div class=\"elementor-element elementor-element-e7504b2 elementor-widget elementor-widget-heading\" data-id=\"e7504b2\" data-element_type=\"widget\" data-e-type=\"widget\" data-widget_type=\"heading.default\">\n\t\t\t\t<div class=\"elementor-widget-container\">\n\t\t\t\t\t<h6 class=\"elementor-heading-title elementor-size-default\">Excel\u00eancia em Constru\u00e7\u00e3o Civil h\u00e1 mais de 4 d\u00e9cadas!<\/h6>\t\t\t\t<\/div>\n\t\t\t\t<\/div>\n\t\t\t\t<div class=\"elementor-element elementor-element-2cc287e elementor-widget elementor-widget-text-editor\" data-id=\"2cc287e\" data-element_type=\"widget\" data-e-type=\"widget\" data-widget_type=\"text-editor.default\">\n\t\t\t\t<div class=\"elementor-widget-container\">\n\t\t\t\t\t\t\t\t\t<p>Na JCOVA, construir n\u00e3o \u00e9 apenas uma atividade, \u00e9 a nossa paix\u00e3o. Com uma rica heran\u00e7a de mais de 30 anos de experi\u00eancia profissional no setor da constru\u00e7\u00e3o civil, temos orgulho em ser uma empresa que transcende o tempo, trazendo tradi\u00e7\u00e3o e inova\u00e7\u00e3o para cada projeto que abra\u00e7amos.<\/p><p>Ao longo dos nossos 4 anos como empresa, temos vindo a moldar o cen\u00e1rio da constru\u00e7\u00e3o civil, deixando uma marca indel\u00e9vel em obras p\u00fablicas e privadas, desde imponentes edif\u00edcios residenciais at\u00e9 complexos projetos industriais. A nossa vasta gama de servi\u00e7os abrange desde a cria\u00e7\u00e3o de edif\u00edcios residenciais de sonho at\u00e9 \u00e0 constru\u00e7\u00e3o de estruturas industriais que impulsionam o progresso da nossa sociedade.<\/p><p>O que nos distingue \u00e9 a nossa equipa de profissionais altamente dedicados, cuja experi\u00eancia e conhecimento s\u00e3o respaldados por d\u00e9cadas de trabalho \u00e1rduo e dedica\u00e7\u00e3o incans\u00e1vel ao setor. Combinando a per\u00edcia dos nossos especialistas com as mais recentes inova\u00e7\u00f5es tecnol\u00f3gicas, cada projeto que abra\u00e7amos \u00e9 uma oportunidade para superar as expectativas e estabelecer novos padr\u00f5es de excel\u00eancia.<\/p><p>Na JCOVA, cada tijolo, cada pilar e cada detalhe s\u00e3o uma express\u00e3o do nosso compromisso em oferecer qualidade duradoura. A nossa abordagem orientada para o cliente garante que cada projeto seja realizado em estreita colabora\u00e7\u00e3o consigo, assegurando que a sua vis\u00e3o ganhe vida de forma precisa e espetacular.<\/p><p>Seja a constru\u00e7\u00e3o de moradias que acolhem fam\u00edlias, edif\u00edcios comerciais que impulsionam neg\u00f3cios ou projetos p\u00fablicos que enriquecem comunidades, a JCOVA \u00e9 a sua parceira confi\u00e1vel em constru\u00e7\u00e3o. Explore o nosso portf\u00f3lio para descobrir o que realizamos at\u00e9 \u00e0 data e junte-se a n\u00f3s enquanto continuamos a construir um futuro melhor, um projeto de cada vez.<\/p>\t\t\t\t\t\t\t\t<\/div>\n\t\t\t\t<\/div>\n\t\t\t\t<div class=\"elementor-element elementor-element-790f805 elementor-widget elementor-widget-heading\" data-id=\"790f805\" data-element_type=\"widget\" data-e-type=\"widget\" data-widget_type=\"heading.default\">\n\t\t\t\t<div class=\"elementor-widget-container\">\n\t\t\t\t\t<h5 class=\"elementor-heading-title elementor-size-default\">A sua vis\u00e3o \u00e9 o nosso compromisso!<\/h5>\t\t\t\t<\/div>\n\t\t\t\t<\/div>\n\t\t\t\t<div class=\"elementor-element elementor-element-de68142 elementor-widget elementor-widget-heading\" data-id=\"de68142\" data-element_type=\"widget\" data-e-type=\"widget\" data-widget_type=\"heading.default\">\n\t\t\t\t<div class=\"elementor-widget-container\">\n\t\t\t\t\t<p class=\"elementor-heading-title elementor-size-default\">Jcova - Engenharia e Constru\u00e7\u00e3o, Lda<\/p>\t\t\t\t<\/div>\n\t\t\t\t<\/div>\n\t\t\t\t\t<\/div>\n\t\t<\/div>\n\t\t\t\t<div class=\"elementor-column elementor-col-50 elementor-top-column elementor-element elementor-element-abae984\" data-id=\"abae984\" data-element_type=\"column\" data-e-type=\"column\" data-settings=\"{&quot;background_background&quot;:&quot;classic&quot;}\">\n\t\t\t<div class=\"elementor-widget-wrap elementor-element-populated\">\n\t\t\t\t\t\t<section class=\"elementor-section elementor-inner-section elementor-element elementor-element-bd0e532 elementor-section-full_width elementor-section-height-min-height elementor-section-height-default\" data-id=\"bd0e532\" data-element_type=\"section\" data-e-type=\"section\" data-settings=\"{&quot;background_background&quot;:&quot;classic&quot;,&quot;sticky&quot;:&quot;top&quot;,&quot;sticky_on&quot;:[&quot;desktop&quot;],&quot;sticky_effects_offset&quot;:10,&quot;sticky_parent&quot;:&quot;yes&quot;,&quot;sticky_offset&quot;:0}\">\n\t\t\t\t\t\t<div class=\"elementor-container elementor-column-gap-no\">\n\t\t\t\t\t<div class=\"elementor-column elementor-col-100 elementor-inner-column elementor-element elementor-element-ca73dc7\" data-id=\"ca73dc7\" data-element_type=\"column\" data-e-type=\"column\">\n\t\t\t<div class=\"elementor-widget-wrap elementor-element-populated\">\n\t\t\t\t<div class=\"elementor-element elementor-element-a76cf30 e-flex e-con-boxed e-con e-parent\" data-id=\"a76cf30\" data-element_type=\"container\" data-e-type=\"container\">\n\t\t\t\t\t<div class=\"e-con-inner\">\n\t\t\t\t\t<\/div>\n\t\t\t\t<\/div>\n\t\t\t\t\t<\/div>\n\t\t<\/div>\n\t\t\t\t\t<\/div>\n\t\t<\/section>\n\t\t\t\t\t<\/div>\n\t\t<\/div>\n\t\t\t\t\t<\/div>\n\t\t<\/section>\n\t\t\t\t<\/div>\n\t\t","protected":false},"excerpt":{"rendered":"<p>[Empresa] Excel\u00eancia em Constru\u00e7\u00e3o Civil h\u00e1 mais de 4 d\u00e9cadas! Na JCOVA, construir n\u00e3o \u00e9 apenas uma atividade, \u00e9 a nossa paix\u00e3o. Com uma rica heran\u00e7a de mais de 30 anos de experi\u00eancia profissional no setor da constru\u00e7\u00e3o civil, temos orgulho em ser uma empresa que transcende o tempo, trazendo tradi\u00e7\u00e3o e inova\u00e7\u00e3o para cada&#8230;<\/p>\n","protected":false},"author":1,"featured_media":0,"parent":0,"menu_order":0,"comment_status":"closed","ping_status":"closed","template":"","meta":{"footnotes":""},"class_list":["post-158","page","type-page","status-publish","hentry"],"_links":{"self":[{"href":"https:\/\/jcova.pt\/index.php\/wp-json\/wp\/v2\/pages\/158","targetHints":{"allow":["GET"]}}],"collection":[{"href":"https:\/\/jcova.pt\/index.php\/wp-json\/wp\/v2\/pages"}],"about":[{"href":"https:\/\/jcova.pt\/index.php\/wp-json\/wp\/v2\/types\/page"}],"author":[{"embeddable":true,"href":"https:\/\/jcova.pt\/index.php\/wp-json\/wp\/v2\/users\/1"}],"replies":[{"embeddable":true,"href":"https:\/\/jcova.pt\/index.php\/wp-json\/wp\/v2\/comments?post=158"}],"version-history":[{"count":19,"href":"https:\/\/jcova.pt\/index.php\/wp-json\/wp\/v2\/pages\/158\/revisions"}],"predecessor-version":[{"id":6028,"href":"https:\/\/jcova.pt\/index.php\/wp-json\/wp\/v2\/pages\/158\/revisions\/6028"}],"wp:attachment":[{"href":"https:\/\/jcova.pt\/index.php\/wp-json\/wp\/v2\/media?parent=158"}],"curies":[{"name":"wp","href":"https:\/\/api.w.org\/{rel}","templated":true}]}}